{"id":9,"date":"2016-12-04T22:05:26","date_gmt":"2016-12-04T21:05:26","guid":{"rendered":"http:\/\/www.cadre-romand.ch\/?page_id=9"},"modified":"2025-11-02T12:48:57","modified_gmt":"2025-11-02T11:48:57","slug":"selections","status":"publish","type":"page","link":"https:\/\/www.cadre-romand.ch\/index.php\/selections\/","title":{"rendered":"S\u00e9lections"},"content":{"rendered":"<p>Tout athl\u00e8te d\u00e9sirant faire partie du Cadre Romand doit d\u00e9poser sa candidature en septembre-octobre (d\u00e9lai candidature 2026: <strong>10 octobre<\/strong>). Les entra\u00eeneurs s\u00e9lectionnent les athl\u00e8tes en fonction des <a href=\"https:\/\/www.cadre-romand.ch\/wp-content\/uploads\/2024\/11\/CadRo_Criteres_selection.pdf\" target=\"_blank\" rel=\"noopener\"><span style=\"text-decoration: underline;\">crit\u00e8res de s\u00e9lection<\/span><\/a>.<\/p>\n<p>Les s\u00e9lections sont disponibles sur le site internet et sont envoy\u00e9es aux candidats \u00e0 la mi-novembre.<br \/>\nIl est imp\u00e9ratif que les nouveaux athl\u00e8tes aient effectu\u00e9 les tests PISTE dans l&rsquo;ann\u00e9e pr\u00e9c\u00e9dant leur entr\u00e9e dans le cadre.<\/p>\n<p><a href=\"https:\/\/www.cadre-romand.ch\/wp-content\/uploads\/2025\/11\/CadRo_Selections2026.pdf\">S\u00e9lections 2026<\/a><br \/>\n<a href=\"https:\/\/www.cadre-romand.ch\/wp-content\/uploads\/2025\/09\/Candidature_CadreRomand_2026_FR.docx\">Candidature 2026 FR<\/a> &#8211; <a href=\"https:\/\/www.cadre-romand.ch\/wp-content\/uploads\/2025\/09\/Candidature_CadreRomand_2026_DE.docx\">Candidature 2026 DE<\/a><\/p>\n<p><a href=\"https:\/\/www.cadre-romand.ch\/wp-content\/uploads\/2024\/11\/CadRo_Selections2025.pdf\" target=\"_blank\" rel=\"noopener\">S\u00e9lections 2025<\/a><br \/>\n<a href=\"https:\/\/www.cadre-romand.ch\/wp-content\/uploads\/2024\/09\/Candidature_CadreRomand_2025_FR.docx\">Candidature 2025 FR<\/a> &#8211; <a href=\"https:\/\/www.cadre-romand.ch\/wp-content\/uploads\/2024\/09\/Candidature_CadreRomand_2025_DE.docx\">Candidature 2025 DE<\/a><\/p>\n<p><a href=\"https:\/\/www.cadre-romand.ch\/wp-content\/uploads\/2023\/11\/CadRo_Selections2024.pdf\">S\u00e9lections 2024<\/a><br \/>\n<a href=\"https:\/\/www.cadre-romand.ch\/wp-content\/uploads\/2023\/10\/Candidature_CadreRomand_2024_FR.docx\">Candidature 2024 FR<\/a> &#8211; <a href=\"https:\/\/www.cadre-romand.ch\/wp-content\/uploads\/2023\/10\/Candidature_CadreRomand_2024_DE.docx\">Candidature 2024 DE<\/a><\/p>\n<p><a href=\"https:\/\/www.cadre-romand.ch\/wp-content\/uploads\/2022\/10\/CadRo_Selections2023.pdf\">S\u00e9lections 2023<\/a><br \/>\n<a href=\"https:\/\/www.cadre-romand.ch\/wp-content\/uploads\/2022\/09\/Candidature_CadreRomand_2023_FR.docx\">Candidature 2023 FR<\/a> &#8211; <a href=\"https:\/\/www.cadre-romand.ch\/wp-content\/uploads\/2022\/09\/Candidature_CadreRomand_2023_DE.docx\">Candidature 2023 DE<\/a><\/p>\n<p><a href=\"https:\/\/www.cadre-romand.ch\/wp-content\/uploads\/2021\/10\/CadRo_Selections2022.pdf\">S\u00e9lections 2022<\/a><br \/>\n<a href=\"https:\/\/www.cadre-romand.ch\/wp-content\/uploads\/2020\/10\/Selections-2021.pdf\">S\u00e9lections 2021<\/a><br \/>\n<a href=\"http:\/\/www.cadre-romand.ch\/wp-content\/uploads\/2019\/11\/S\u00e9lections-2020.pdf\">S\u00e9lections 2020<\/a><br \/>\n<a href=\"http:\/\/www.cadre-romand.ch\/wp-content\/uploads\/2018\/11\/Se\u0301lections-2019.pdf\">Se\u0301lections 2019<\/a><br \/>\n<a href=\"http:\/\/www.cadre-romand.ch\/wp-content\/uploads\/2018\/05\/Se\u0301lections-2018.pdf\">S\u00e9lections 2018<\/a><br \/>\n<a href=\"http:\/\/www.cadre-romand.ch\/wp-content\/uploads\/2016\/12\/Se\u0301lections2017_cadre_romand.pdf\">S\u00e9lections 2017<\/a><\/p>\n","protected":false},"excerpt":{"rendered":"<p>Tout athl\u00e8te d\u00e9sirant faire partie du Cadre Romand doit d\u00e9poser sa candidature en septembre-octobre (d\u00e9lai candidature 2026: 10 octobre). Les entra\u00eeneurs s\u00e9lectionnent les athl\u00e8tes en fonction des crit\u00e8res de s\u00e9lection. Les s\u00e9lections sont disponibles sur le site internet et sont &hellip;<\/p>\n<p class=\"read-more\"> <a class=\"more-link\" href=\"https:\/\/www.cadre-romand.ch\/index.php\/selections\/\"> <span class=\"screen-reader-text\">S\u00e9lections<\/span> Read More &raquo;<\/a><\/p>\n","protected":false},"author":1,"featured_media":0,"parent":0,"menu_order":0,"comment_status":"closed","ping_status":"closed","template":"","meta":{"footnotes":""},"class_list":["post-9","page","type-page","status-publish","hentry"],"_links":{"self":[{"href":"https:\/\/www.cadre-romand.ch\/index.php\/wp-json\/wp\/v2\/pages\/9","targetHints":{"allow":["GET"]}}],"collection":[{"href":"https:\/\/www.cadre-romand.ch\/index.php\/wp-json\/wp\/v2\/pages"}],"about":[{"href":"https:\/\/www.cadre-romand.ch\/index.php\/wp-json\/wp\/v2\/types\/page"}],"author":[{"embeddable":true,"href":"https:\/\/www.cadre-romand.ch\/index.php\/wp-json\/wp\/v2\/users\/1"}],"replies":[{"embeddable":true,"href":"https:\/\/www.cadre-romand.ch\/index.php\/wp-json\/wp\/v2\/comments?post=9"}],"version-history":[{"count":42,"href":"https:\/\/www.cadre-romand.ch\/index.php\/wp-json\/wp\/v2\/pages\/9\/revisions"}],"predecessor-version":[{"id":923,"href":"https:\/\/www.cadre-romand.ch\/index.php\/wp-json\/wp\/v2\/pages\/9\/revisions\/923"}],"wp:attachment":[{"href":"https:\/\/www.cadre-romand.ch\/index.php\/wp-json\/wp\/v2\/media?parent=9"}],"curies":[{"name":"wp","href":"https:\/\/api.w.org\/{rel}","templated":true}]}}