{"id":201,"date":"2020-06-13T14:42:46","date_gmt":"2020-06-13T12:42:46","guid":{"rendered":"http:\/\/www.cadre-romand.ch\/?page_id=201"},"modified":"2024-04-12T17:10:32","modified_gmt":"2024-04-12T15:10:32","slug":"main","status":"publish","type":"page","link":"https:\/\/www.cadre-romand.ch\/","title":{"rendered":""},"content":{"rendered":"\n<p>Le cadre romand de course d\u2019orientation est une structure regroupant les meilleurs athl\u00e8tes romands entre 14 et 20 ans. Ce cadre est n\u00e9 de la fusion en 2017 des cadres fribourgeois et neuch\u00e2telois afin d\u2019offrir un encadrement optimal pour la performance et profiter des synergies entre les diff\u00e9rents clubs de Romandie. Chaque ann\u00e9e, une vingtaine d\u2019athl\u00e8tes sont s\u00e9lectionn\u00e9s et encadr\u00e9s par 8 entraineurs lors des multiples weekends et des camps organis\u00e9s.<br \/>Les r\u00e9sultats de cette nouvelle structure sont tr\u00e8s encourageants puisque la Jugendcup, comp\u00e9tition opposant tous les cadres de suisse, a \u00e9t\u00e9 remport\u00e9e en 2019 par le cadre romand. Nos athl\u00e8tes sont r\u00e9guli\u00e8rement s\u00e9lectionn\u00e9es pour repr\u00e9senter la suisse dans des comp\u00e9titions internationales et 3 d\u2019entre eux sont actuellement membres du cadre suisse.<\/p>\n","protected":false},"excerpt":{"rendered":"<p>Le cadre romand de course d\u2019orientation est une structure regroupant les meilleurs athl\u00e8tes romands entre 14 et 20 ans. Ce cadre est n\u00e9 de la fusion en 2017 des cadres fribourgeois et neuch\u00e2telois afin d\u2019offrir un encadrement optimal pour la &hellip;<\/p>\n<p class=\"read-more\"> <a class=\"more-link\" href=\"https:\/\/www.cadre-romand.ch\/\">  Read More &raquo;<\/a><\/p>\n","protected":false},"author":2,"featured_media":690,"parent":0,"menu_order":0,"comment_status":"closed","ping_status":"closed","template":"","meta":{"footnotes":""},"class_list":["post-201","page","type-page","status-publish","has-post-thumbnail","hentry"],"_links":{"self":[{"href":"https:\/\/www.cadre-romand.ch\/index.php\/wp-json\/wp\/v2\/pages\/201","targetHints":{"allow":["GET"]}}],"collection":[{"href":"https:\/\/www.cadre-romand.ch\/index.php\/wp-json\/wp\/v2\/pages"}],"about":[{"href":"https:\/\/www.cadre-romand.ch\/index.php\/wp-json\/wp\/v2\/types\/page"}],"author":[{"embeddable":true,"href":"https:\/\/www.cadre-romand.ch\/index.php\/wp-json\/wp\/v2\/users\/2"}],"replies":[{"embeddable":true,"href":"https:\/\/www.cadre-romand.ch\/index.php\/wp-json\/wp\/v2\/comments?post=201"}],"version-history":[{"count":9,"href":"https:\/\/www.cadre-romand.ch\/index.php\/wp-json\/wp\/v2\/pages\/201\/revisions"}],"predecessor-version":[{"id":695,"href":"https:\/\/www.cadre-romand.ch\/index.php\/wp-json\/wp\/v2\/pages\/201\/revisions\/695"}],"wp:featuredmedia":[{"embeddable":true,"href":"https:\/\/www.cadre-romand.ch\/index.php\/wp-json\/wp\/v2\/media\/690"}],"wp:attachment":[{"href":"https:\/\/www.cadre-romand.ch\/index.php\/wp-json\/wp\/v2\/media?parent=201"}],"curies":[{"name":"wp","href":"https:\/\/api.w.org\/{rel}","templated":true}]}}